{"id":316,"date":"2019-02-13T19:46:34","date_gmt":"2019-02-13T17:46:34","guid":{"rendered":"https:\/\/http:\/\/rusojuz.lv\/?page_id=316"},"modified":"2019-03-15T11:29:11","modified_gmt":"2019-03-15T09:29:11","slug":"donations","status":"publish","type":"page","link":"https:\/\/rusojuz.lv\/en\/donations\/","title":{"rendered":"Donations"},"content":{"rendered":"<h2>Our data<\/h2>\n<hr id=\"second\" \/>\n<ul>\n<li>Politisko organiz\u0101ciju apvien\u012bba &#8220;Par cilv\u0113ka ties\u012bb\u0101m vienot\u0101 Latvij\u0101&#8221;<\/li>\n<li>Legal address: R\u016bpniec\u012bbas 9, R\u012bga, LV 1010<\/li>\n<li>State reg. Nr.: PO-072<\/li>\n<li>Unified reg. Nr.: 90001297087<\/li>\n<li>\u00a0Paysera LT Bank<\/li>\n<li>SWIFT kods: EVIULT21XXX<\/li>\n<li>Account:\u00a0LT483500010003781975<\/li>\n<\/ul>\n<p>Who can donate?<\/p>\n<p>Citizens and non-citizens of Latvia can donate money to political parties\u00a0via a tax-free\u00a0bank transaction.<\/p>\n<p>First and last names\u00a0of the donors are published on the Corruption Prevention and Combating Bureau&#8217;s website.<\/p>\n<p>&nbsp;<\/p>\n<p>What donations are forbidden?<\/p>\n<p>Anonymous donations are forbiddden.<\/p>\n<p>Legal persons, foreigners\u00a0and apatrides are not allowed to donate.<\/p>\n<p>Allowed sum of donations\u00a0from one person to one party is limited\u00a0to 21 500 EUR per year.<\/p>\n","protected":false},"excerpt":{"rendered":"<p>Our data Politisko organiz\u0101ciju apvien\u012bba &#8220;Par cilv\u0113ka ties\u012bb\u0101m vienot\u0101 Latvij\u0101&#8221; Legal address: R\u016bpniec\u012bbas 9, R\u012bga, LV 1010 State reg. Nr.: PO-072 Unified reg. Nr.: 90001297087 \u00a0Paysera LT Bank SWIFT kods: EVIULT21XXX Account:\u00a0LT483500010003781975 Who can donate? Citizens and non-citizens of Latvia can donate money to political parties\u00a0via a tax-free\u00a0bank transaction. First and last names\u00a0of the donors [&hellip;]<\/p>\n","protected":false},"author":1,"featured_media":0,"parent":0,"menu_order":0,"comment_status":"closed","ping_status":"closed","template":"","meta":{"footnotes":""},"class_list":["post-316","page","type-page","status-publish","hentry"],"aioseo_notices":[],"_links":{"self":[{"href":"https:\/\/rusojuz.lv\/en\/wp-json\/wp\/v2\/pages\/316","targetHints":{"allow":["GET"]}}],"collection":[{"href":"https:\/\/rusojuz.lv\/en\/wp-json\/wp\/v2\/pages"}],"about":[{"href":"https:\/\/rusojuz.lv\/en\/wp-json\/wp\/v2\/types\/page"}],"author":[{"embeddable":true,"href":"https:\/\/rusojuz.lv\/en\/wp-json\/wp\/v2\/users\/1"}],"replies":[{"embeddable":true,"href":"https:\/\/rusojuz.lv\/en\/wp-json\/wp\/v2\/comments?post=316"}],"version-history":[{"count":3,"href":"https:\/\/rusojuz.lv\/en\/wp-json\/wp\/v2\/pages\/316\/revisions"}],"predecessor-version":[{"id":606,"href":"https:\/\/rusojuz.lv\/en\/wp-json\/wp\/v2\/pages\/316\/revisions\/606"}],"wp:attachment":[{"href":"https:\/\/rusojuz.lv\/en\/wp-json\/wp\/v2\/media?parent=316"}],"curies":[{"name":"wp","href":"https:\/\/api.w.org\/{rel}","templated":true}]}}