{"id":111,"date":"2019-02-08T17:36:53","date_gmt":"2019-02-08T14:36:53","guid":{"rendered":"http:\/\/rusojuz.lv\/?page_id=111"},"modified":"2022-12-27T13:42:51","modified_gmt":"2022-12-27T11:42:51","slug":"kontakti","status":"publish","type":"page","link":"https:\/\/rusojuz.lv\/lv\/kontakti\/","title":{"rendered":"Kontakti"},"content":{"rendered":"<section class=\"wpb-content-wrapper\"><div id=\"tdi_1\" class=\"tdc-row\"><div class=\"vc_row tdi_2  wpb_row td-pb-row\" >\n<style scoped>\n\/* custom css - generated by TagDiv Composer *\/\n\n\/* custom css - generated by TagDiv Composer *\/\n\/* custom css - generated by TagDiv Composer *\/\n.tdi_2,\r\n                .tdi_2 .tdc-columns{\r\n                    min-height: 0;\r\n                }.tdi_2,\r\n\t\t\t\t.tdi_2 .tdc-columns{\r\n\t\t\t\t    display: block;\r\n\t\t\t\t}.tdi_2 .tdc-columns{\r\n\t\t\t\t    width: 100%;\r\n\t\t\t\t}\n<\/style><div class=\"vc_column tdi_4  wpb_column vc_column_container tdc-column td-pb-span8\">\n<style scoped>\n\/* custom css - generated by TagDiv Composer *\/\n\n\/* custom css - generated by TagDiv Composer *\/\n\/* custom css - generated by TagDiv Composer *\/\n.tdi_4{\r\n                    vertical-align: baseline;\r\n                }.tdi_4 > .wpb_wrapper,\r\n\t\t\t\t.tdi_4 > .wpb_wrapper > .tdc-elements{\r\n\t\t\t\t    display: block;\r\n\t\t\t\t}.tdi_4 > .wpb_wrapper > .tdc-elements{\r\n\t\t\t\t    width: 100%;\r\n\t\t\t\t}.tdi_4 > .wpb_wrapper > .vc_row_inner{\r\n\t\t\t\t    width: auto;\r\n\t\t\t\t}.tdi_4 > .wpb_wrapper{\r\n\t\t\t\t    width: auto;\r\n\t\t\t\t    height: auto;\r\n\t\t\t\t}\n<\/style><div class=\"wpb_wrapper\" >[vc_column_text]\r\n<h2>Rakstiet mums<\/h2>\r\n\r\n<hr id=\"second\" \/>\r\n\r\n\n<div class=\"wpcf7 no-js\" id=\"wpcf7-f226-o1\" lang=\"ru-RU\" dir=\"ltr\">\n<div class=\"screen-reader-response\"><p role=\"status\" aria-live=\"polite\" aria-atomic=\"true\"><\/p> <ul><\/ul><\/div>\n<form action=\"\/lv\/wp-json\/wp\/v2\/pages\/111#wpcf7-f226-o1\" method=\"post\" class=\"wpcf7-form init\" aria-label=\"\u041a\u043e\u043d\u0442\u0430\u043a\u0442\u043d\u0430\u044f \u0444\u043e\u0440\u043c\u0430\" novalidate=\"novalidate\" data-status=\"init\">\n<div style=\"display: none;\">\n<input type=\"hidden\" name=\"_wpcf7\" value=\"226\" \/>\n<input type=\"hidden\" name=\"_wpcf7_version\" value=\"5.8.7\" \/>\n<input type=\"hidden\" name=\"_wpcf7_locale\" value=\"ru_RU\" \/>\n<input type=\"hidden\" name=\"_wpcf7_unit_tag\" value=\"wpcf7-f226-o1\" \/>\n<input type=\"hidden\" name=\"_wpcf7_container_post\" value=\"0\" \/>\n<input type=\"hidden\" name=\"_wpcf7_posted_data_hash\" value=\"\" \/>\n<\/div>\n<p><label> J\u016bsu v\u0101rds *<br \/>\n<span class=\"wpcf7-form-control-wrap\" data-name=\"your-name\"><input size=\"40\" class=\"wpcf7-form-control wpcf7-text wpcf7-validates-as-required\" aria-required=\"true\" aria-invalid=\"false\" value=\"\" type=\"text\" name=\"your-name\" \/><\/span> <\/label>\n<\/p>\n<p><label> J\u016bsu e-mail *<br \/>\n<span class=\"wpcf7-form-control-wrap\" data-name=\"your-email\"><input size=\"40\" class=\"wpcf7-form-control wpcf7-email wpcf7-validates-as-required wpcf7-text wpcf7-validates-as-email\" aria-required=\"true\" aria-invalid=\"false\" value=\"\" type=\"email\" name=\"your-email\" \/><\/span> <\/label>\n<\/p>\n<p><label> Zi\u0146a *<br \/>\n<span class=\"wpcf7-form-control-wrap\" data-name=\"textarea-261\"><textarea cols=\"40\" rows=\"10\" class=\"wpcf7-form-control wpcf7-textarea wpcf7-validates-as-required\" aria-required=\"true\" aria-invalid=\"false\" name=\"textarea-261\"><\/textarea><\/span> <\/label>\n<\/p>\n<p><input class=\"wpcf7-form-control wpcf7-submit has-spinner\" type=\"submit\" value=\"Nos\u016bt\u012bt\" \/>\n<\/p><div class=\"wpcf7-response-output\" aria-hidden=\"true\"><\/div>\n<\/form>\n<\/div>\n[\/vc_column_text]<\/div><\/div><div class=\"vc_column tdi_6  wpb_column vc_column_container tdc-column td-pb-span4\">\n<style scoped>\n\/* custom css - generated by TagDiv Composer *\/\n\n\/* custom css - generated by TagDiv Composer *\/\n\/* custom css - generated by TagDiv Composer *\/\n.tdi_6{\r\n                    vertical-align: baseline;\r\n                }.tdi_6 > .wpb_wrapper,\r\n\t\t\t\t.tdi_6 > .wpb_wrapper > .tdc-elements{\r\n\t\t\t\t    display: block;\r\n\t\t\t\t}.tdi_6 > .wpb_wrapper > .tdc-elements{\r\n\t\t\t\t    width: 100%;\r\n\t\t\t\t}.tdi_6 > .wpb_wrapper > .vc_row_inner{\r\n\t\t\t\t    width: auto;\r\n\t\t\t\t}.tdi_6 > .wpb_wrapper{\r\n\t\t\t\t    width: auto;\r\n\t\t\t\t    height: auto;\r\n\t\t\t\t}\n<\/style><div class=\"wpb_wrapper\" >[vc_gallery type=&#8221;image_grid&#8221; images=&#8221;237&#8243; img_size=&#8221;270&#215;111&#8243; onclick=&#8221;custom_link&#8221; custom_links_target=&#8221;_blank&#8221; custom_links=&#8221;#E-8_aHR0cCUzQSUyRiUyRnd3dy5lLWYtYS5vcmclMkZob21lJTJG&#8221;]<div class=\"td_block_wrap td_block_social_counter tdi_7 td-pb-border-top td_block_template_1\">\n<style>\n\/* custom css - generated by TagDiv Composer *\/\n\/* custom css - generated by TagDiv Composer *\/\n.td_block_social_counter{\r\n                        font-family: 'Open Sans', arial, sans-serif;\r\n                        font-weight: bold;\r\n                        font-size: 11px;\r\n                        color: #fff;\r\n                        margin-bottom: 47px;\r\n                    }.td_block_social_counter .td-sp{\r\n                        position: relative;\r\n                    }.td_block_social_counter .td-sp:after{\r\n                        content: '';\r\n                        width: 1px;\r\n                        height: 16px;\r\n                        background-color: rgba(255, 255, 255, 0.1);\r\n                        position: absolute;\r\n                        right: -1px;\r\n                        top: 8px;\r\n                    }.td-social-list{\r\n                        *zoom: 1;\r\n                    }.td-social-list:before,\r\n                    .td-social-list:after{\r\n                        display: table;\r\n                        content: '';\r\n                        line-height: 0;\r\n                    }.td-social-list:after{\r\n                        clear: both;\r\n                    }.td_social_type{\r\n                        width: 100%;\r\n                        margin-bottom: 10px;\r\n                        -webkit-transition: background-color 0.20s cubic-bezier(0, 0, 0.58, 1) 0s;\r\n                        transition: background-color 0.20s cubic-bezier(0, 0, 0.58, 1) 0s;\r\n                    }.td_social_type:last-child{\r\n                        margin-bottom: 0;\r\n                    }.td_social_type:hover .td-social-box{\r\n                        background-color: #222;\r\n                    }.td_social_type .td_social_info{\r\n                        padding: 0 0 0 9px;\r\n                        position: relative;\r\n                        top: -12px;\r\n                    }.td_social_type .td-social-box{\r\n                        height: 32px;\r\n                        position: relative;\r\n                        overflow: hidden;\r\n                    }.td_social_type .td-social-box .td-sp{\r\n                        display: inline-block;\r\n                    }.td_social_type .td_social_number{\r\n                        border-left: 1px solid rgba(255, 255, 255, 0.1);\r\n                        padding-left: 9px;\r\n                    }.td_social_type .td_social_button{\r\n                        float: right;\r\n                        border-left: 1px solid rgba(255, 255, 255, 0.1);\r\n                        padding: 0 14px;\r\n                        margin-top: 8px;\r\n                        top: 9px;\r\n                        height: 16px;\r\n                        line-height: 15px;\r\n                        text-transform: uppercase;\r\n                    }.td_social_type .td_social_button a{\r\n                        color: #fff;\r\n                    }.td_social_type .td_social_button a:after{\r\n                        content: '';\r\n                        display: block;\r\n                        height: 32px;\r\n                        position: absolute;\r\n                        right: 0;\r\n                        top: 0;\r\n                        width: 324px;\r\n                    }.td_social_type .td_social_button a:hover{\r\n                        color: inherit;\r\n                        text-decoration: none !important;\r\n                    }.td_social_type a{\r\n                        color: #fff;\r\n                    }.td_social_facebook .td-social-box{\r\n                        background-color: #516eab;\r\n                    }.td_social_rss .td-social-box{\r\n                        background-color: #ff6600;\r\n                    }.td_social_soundcloud .td-social-box{\r\n                        background-color: #ff5419;\r\n                    }.td_social_twitter .td-social-box{\r\n                        background-color: #29c5f6;\r\n                    }.td_social_vimeo .td-social-box{\r\n                        background-color: #006599;\r\n                    }.td_social_youtube .td-social-box{\r\n                        background-color: #e14e42;\r\n                    }.td_social_instagram .td-social-box{\r\n                        background-color: #417096;\r\n                    }.td_social_pinterest .td-social-box{\r\n                        background-color: #ca212a;\r\n                    }.td_social_tiktok .td-social-box{\r\n                        background-color: #009191;\r\n                    }.td_social_twitch .td-social-box{\r\n                        background-color: #9147FF;\r\n                    }.td_social_steam .td-social-box{\r\n                        background-color: #c7d5e0;\r\n                    }.td-social-boxed .td_social_type{\r\n                        text-align: center;\r\n                        width: 33.3333%;\r\n                        margin: 0;\r\n                        float: left;\r\n                    }.td-social-boxed .td_social_type .td-social-box{\r\n                        height: 100px;\r\n                    }.td-social-boxed .td_social_type span{\r\n                        display: block;\r\n                        width: 100%;\r\n                        padding: 0;\r\n                    }.td-social-boxed .td-sp{\r\n                        margin-top: 10px;\r\n                    }.td-social-boxed .td-sp::after{\r\n                        display: none;\r\n                    }.td-social-boxed .td_social_info{\r\n                        font-size: 17px;\r\n                        top: 0;\r\n                    }.td-social-boxed .td_social_info_name{\r\n                        font-size: 13px;\r\n                        font-weight: normal;\r\n                    }.td-social-boxed .td_social_button{\r\n                        opacity: 0;\r\n                        position: absolute;\r\n                        height: 100%;\r\n                        margin-top: 0;\r\n                        top: 0;\r\n                    }.td-social-boxed .td_social_button a:after{\r\n                        width: 100%;\r\n                        height: 100%;\r\n                    }.td-social-colored .td_social_facebook .td-sp{\r\n                        background-color: #516eab;\r\n                    }.td-social-colored .td_social_rss .td-sp{\r\n                        background-color: #ff6600;\r\n                    }.td-social-colored .td_social_soundcloud .td-sp{\r\n                        background-color: #ff5419;\r\n                    }.td-social-colored .td_social_twitter .td-sp{\r\n                        background-color: #29c5f6;\r\n                    }.td-social-colored .td_social_vimeo .td-sp{\r\n                        background-color: #006599;\r\n                    }.td-social-colored .td_social_youtube .td-sp{\r\n                        background-color: #e14e42;\r\n                    }.td-social-colored .td_social_instagram .td-sp{\r\n                        background-color: #417096;\r\n                    }.td-social-colored .td_social_pinterest .td-sp{\r\n                        background-color: #ca212a;\r\n                    }.td-social-colored .td_social_tiktok .td-sp{\r\n                        background-color: #009191;\r\n                    }.td-social-colored .td_social_twitch .td-sp{\r\n                        background-color: #9147FF;\r\n                    }.td-social-colored .td_social_steam .td-sp{\r\n                        background-color: #c7d5e0;\r\n                    }.td-social-font-icons .td-sp{\r\n                        background: none;\r\n                        font-family: 'newspaper', sans-serif;\r\n                        font-size: 14px;\r\n                        text-align: center;\r\n                        font-weight: normal;\r\n                    }.td-social-font-icons .td-sp:before{\r\n                        position: absolute;\r\n                        top: 0;\r\n                        left: 0;\r\n                        right: 0;\r\n                        line-height: 30px;\r\n                    }.td-social-font-icons .td_social_facebook .td-sp:before{\r\n                        content: '\\e818';\r\n                        color: #516eab;\r\n                    }.td-social-font-icons .td_social_rss .td-sp:before{\r\n                        content: '\\e828';\r\n                        color: #ff6600;\r\n                    }.td-social-font-icons .td_social_soundcloud .td-sp:before{\r\n                        content: '\\e82b';\r\n                        color: #ff5419;\r\n                    }.td-social-font-icons .td_social_twitter .td-sp:before{\r\n                        content: '\\e831';\r\n                            color: #000;\r\n                    }.td-social-font-icons .td_social_vimeo .td-sp:before{\r\n                        content: '\\e832';\r\n                        color: #006599;\r\n                    }.td-social-font-icons .td_social_youtube .td-sp:before{\r\n                        content: '\\e836';\r\n                        color: #e14e42;\r\n                    }.td-social-font-icons .td_social_instagram .td-sp:before{\r\n                        content: '\\e81d';\r\n                        color: #417096;\r\n                    }.td-social-font-icons .td_social_pinterest .td-sp:before{\r\n                        content: '\\e825';\r\n                        color: #ca212a;\r\n                    }.td-social-font-icons .td_social_tiktok .td-sp:before{\r\n                        content: '\\e9d6';\r\n                        color: #009191;\r\n                    }.td-social-font-icons .td_social_twitch .td-sp:before{\r\n                        content: '\\e909';\r\n                        color: #9147FF;\r\n                    }.td-social-font-icons .td_social_steam .td-sp:before{\r\n                        content: '\\e939';\r\n                        color: #1b2838;\r\n                    }@media (min-width: 1019px) and (max-width: 1140px) {\r\n                        .td_social_type .td_social_button a:after {\r\n                            width: 300px;\r\n                        }\r\n                    }@media (min-width: 768px) and (max-width: 1018px) {\r\n                        .td_social_type .td_social_button a:after {\r\n                            width: 228px;\r\n                        }\r\n                    }@media (max-width: 767px) {\r\n                        .td_social_type .td_social_button a:after {\r\n                            width: 100%;\r\n                        }\r\n                    }@media (min-width: 768px) and (max-width: 1018px) {\r\n                        .td-social-boxed .td_social_type .td-social-box {\r\n                            height: 70px;\r\n                        }\r\n                    }@media (min-width: 768px) and (max-width: 1018px) {\r\n                        .td-social-boxed .td-sp {\r\n                            margin-top: 4px;\r\n                        }\r\n                    }@media (min-width: 768px) and (max-width: 1018px) {\r\n                        .td-social-boxed .td_social_info {\r\n                            font-size: 13px;\r\n                            top: -12px;\r\n                        }\r\n                    }@media (min-width: 768px) and (max-width: 1018px) {\r\n                        .td-social-boxed .td_social_info_name {\r\n                            top: -17px;\r\n                            font-size: 10px;\r\n                        }\r\n                    }\n<\/style><div class=\"td-block-title-wrap\"><\/div><div class=\"td-social-list\"><div class=\"td_social_type td-pb-margin-side td_social_facebook\"><div class=\"td-social-box\"><div class=\"td-sp td-sp-facebook\"><\/div><span class=\"td_social_info td_social_info_counter\">16,566<\/span><span class=\"td_social_info td_social_info_name\">Fani<\/span><span class=\"td_social_button\"><a href=\"https:\/\/www.facebook.com\/rusojuz\"  >Pat\u012bk<\/a><\/span><\/div><\/div><div class=\"td_social_type td-pb-margin-side td_social_youtube\"><div class=\"td-social-box\"><div class=\"td-sp td-sp-youtube\"><\/div><span class=\"td_social_info td_social_info_counter\">64<\/span><span class=\"td_social_info td_social_info_name\">Sekot\u0101ji<\/span><span class=\"td_social_button\"><a href=\"https:\/\/www.youtube.com\/channel\/UCnNAijNguxn8lo3aVT8fBXA\"  >Sekot<\/a><\/span><\/div><\/div><\/div><\/div> <!-- .\/block -->[vc_column_text]\r\n<div class=\"contact_us\">\r\n<h1>Sazin\u0101ties ar mums<\/h1>\r\n<p class=\"contact\" style=\"text-align: left;\"><img loading=\"lazy\" decoding=\"async\" class=\"size-full wp-image-229 alignnone\" src=\"http:\/\/rusojuz.lv\/wp-content\/uploads\/2019\/02\/address_icon.png\" alt=\"\" width=\"31\" height=\"28\" \/> R\u016bpniec\u012bbas iela 9, R\u012bga<\/p>\r\n\r\n<\/div>\r\n<div class=\"contact_us\">\r\n<p class=\"contact\" style=\"text-align: left;\"><img loading=\"lazy\" decoding=\"async\" class=\"size-full wp-image-230 alignnone\" src=\"http:\/\/rusojuz.lv\/wp-content\/uploads\/2019\/02\/email_icon.png\" alt=\"\" width=\"25\" height=\"26\" \/>\u00a0 pctvl.info@gmail.com<\/p>\r\nT\u0101lr. +371 29400794\r\n\r\n<\/div>\r\n[\/vc_column_text]<\/div><\/div><\/div><\/div><div id=\"tdi_8\" class=\"tdc-row\"><div class=\"vc_row tdi_9  wpb_row td-pb-row\" >\n<style scoped>\n\/* custom css - generated by TagDiv Composer *\/\n\n\/* custom css - generated by TagDiv Composer *\/\n\/* custom css - generated by TagDiv Composer *\/\n.tdi_9,\r\n                .tdi_9 .tdc-columns{\r\n                    min-height: 0;\r\n                }.tdi_9,\r\n\t\t\t\t.tdi_9 .tdc-columns{\r\n\t\t\t\t    display: block;\r\n\t\t\t\t}.tdi_9 .tdc-columns{\r\n\t\t\t\t    width: 100%;\r\n\t\t\t\t}\n<\/style><div class=\"vc_column tdi_11  wpb_column vc_column_container tdc-column td-pb-span12\">\n<style scoped>\n\/* custom css - generated by TagDiv Composer *\/\n\n\/* custom css - generated by TagDiv Composer *\/\n\/* custom css - generated by TagDiv Composer *\/\n.tdi_11{\r\n                    vertical-align: baseline;\r\n                }.tdi_11 > .wpb_wrapper,\r\n\t\t\t\t.tdi_11 > .wpb_wrapper > .tdc-elements{\r\n\t\t\t\t    display: block;\r\n\t\t\t\t}.tdi_11 > .wpb_wrapper > .tdc-elements{\r\n\t\t\t\t    width: 100%;\r\n\t\t\t\t}.tdi_11 > .wpb_wrapper > .vc_row_inner{\r\n\t\t\t\t    width: auto;\r\n\t\t\t\t}.tdi_11 > .wpb_wrapper{\r\n\t\t\t\t    width: auto;\r\n\t\t\t\t    height: auto;\r\n\t\t\t\t}\n<\/style><div class=\"wpb_wrapper\" >[vc_column_text]\r\n<h2>M\u016bsu rekviziti<\/h2>\r\n\r\n<hr id=\"second\" \/>\r\n\r\nPartija &#8220;Latvijas Krievu savien\u012bba&#8221;\r\n\r\nJuridisk\u0101 adrese: R\u016bpniec\u012bbas iela 9, R\u012bga, LV 1010\r\n\r\nVienotais re\u0123istr\u0101cijas numurs: 40008120059\r\n\r\nBanka:\r\n\r\nSWIFT kods:\r\n\r\nNor\u0113\u0137inu konts:\r\n\r\nNaudas ziedojumus politiskaj\u0101m partij\u0101m un to apvien\u012bb\u0101m var veikt Latvijas pilso\u0146i un nepilso\u0146i, p\u0101rskaitot naudu uz sa\u0146\u0113m\u0113ja nor\u0113\u0137inu kontu bez jebk\u0101d\u0101m valsts nodev\u0101m. Ziedot\u0101ja v\u0101rds un uzv\u0101rds, ziedojuma datums un summa tiek public\u0113ti KNAB m\u0101jaslap\u0101. Citi dati public\u0113ti netiek.\r\n\r\nVienas personas ziedojumu summa vienai partijai nevar p\u0101rsniegt 21 500 EUR gad\u0101. Juridisk\u0101s personas, \u0101rzemju pilso\u0146i un bezvalstnieki nav ties\u012bgi ziedot partij\u0101m, t\u0101pat k\u0101 buju\u0161ie VDK darbinieki un a\u0123enti. Ir aizliegti anon\u012bmi ziedojumi.[\/vc_column_text]<\/div><\/div><\/div><\/div><\/section>","protected":false},"excerpt":{"rendered":"[vc_column_text] Rakstiet mums J\u016bsu v\u0101rds * J\u016bsu e-mail * Zi\u0146a * [\/vc_column_text] [vc_gallery type=\"image_grid\" images=\"237\" img_size=\"270x111\" onclick=\"custom_link\" custom_links_target=\"_blank\" custom_links=\"#E-8_aHR0cCUzQSUyRiUyRnd3dy5lLWYtYS5vcmclMkZob21lJTJG\"] 16,566FaniPat\u012bk64Sekot\u0101jiSekot [vc_column_text] Sazin\u0101ties ar mums R\u016bpniec\u012bbas iela 9, R\u012bga \u00a0 pctvl.info@gmail.com T\u0101lr. +371 29400794 [\/vc_column_text] [vc_column_text] M\u016bsu rekviziti Partija \"Latvijas Krievu savien\u012bba\" Juridisk\u0101 adrese: R\u016bpniec\u012bbas iela 9, R\u012bga, LV 1010 Vienotais re\u0123istr\u0101cijas numurs: 40008120059 Banka: SWIFT [...]","protected":false},"author":1,"featured_media":0,"parent":0,"menu_order":0,"comment_status":"closed","ping_status":"closed","template":"","meta":{"footnotes":""},"aioseo_notices":[],"_links":{"self":[{"href":"https:\/\/rusojuz.lv\/lv\/wp-json\/wp\/v2\/pages\/111"}],"collection":[{"href":"https:\/\/rusojuz.lv\/lv\/wp-json\/wp\/v2\/pages"}],"about":[{"href":"https:\/\/rusojuz.lv\/lv\/wp-json\/wp\/v2\/types\/page"}],"author":[{"embeddable":true,"href":"https:\/\/rusojuz.lv\/lv\/wp-json\/wp\/v2\/users\/1"}],"replies":[{"embeddable":true,"href":"https:\/\/rusojuz.lv\/lv\/wp-json\/wp\/v2\/comments?post=111"}],"version-history":[{"count":40,"href":"https:\/\/rusojuz.lv\/lv\/wp-json\/wp\/v2\/pages\/111\/revisions"}],"predecessor-version":[{"id":2036,"href":"https:\/\/rusojuz.lv\/lv\/wp-json\/wp\/v2\/pages\/111\/revisions\/2036"}],"wp:attachment":[{"href":"https:\/\/rusojuz.lv\/lv\/wp-json\/wp\/v2\/media?parent=111"}],"curies":[{"name":"wp","href":"https:\/\/api.w.org\/{rel}","templated":true}]}}